{"id":400,"date":"2022-05-05T09:04:25","date_gmt":"2022-05-05T09:04:25","guid":{"rendered":"https:\/\/ohnades.es\/nosaltres\/"},"modified":"2022-05-19T09:23:05","modified_gmt":"2022-05-19T09:23:05","slug":"nosaltres","status":"publish","type":"page","link":"https:\/\/ohnades.es\/ca\/nosaltres\/","title":{"rendered":"Nosaltres"},"content":{"rendered":"\t\t<div data-elementor-type=\"wp-page\" data-elementor-id=\"400\" class=\"elementor elementor-400 elementor-17\" data-elementor-post-type=\"page\">\n\t\t\t\t\t\t<section class=\"elementor-section elementor-top-section elementor-element elementor-element-7f032ba5 elementor-section-full_width elementor-section-content-top elementor-section-height-default elementor-section-height-default\" data-id=\"7f032ba5\" data-element_type=\"section\">\n\t\t\t\t\t\t<div class=\"elementor-container elementor-column-gap-no\">\n\t\t\t\t\t<div class=\"elementor-column elementor-col-50 elementor-top-column elementor-element elementor-element-7ba4afe2\" data-id=\"7ba4afe2\" data-element_type=\"column\">\n\t\t\t<div class=\"elementor-widget-wrap elementor-element-populated\">\n\t\t\t\t\t\t<div class=\"elementor-element elementor-element-3e85d0e2 elementor-widget elementor-widget-image\" data-id=\"3e85d0e2\" data-element_type=\"widget\" data-widget_type=\"image.default\">\n\t\t\t\t<div class=\"elementor-widget-container\">\n\t\t\t\t\t\t\t\t\t\t\t\t\t\t\t<img fetchpriority=\"high\" decoding=\"async\" width=\"619\" height=\"755\" src=\"https:\/\/ohnades.es\/wp-content\/uploads\/2022\/05\/nosotros0-1.jpg\" class=\"attachment-full size-full wp-image-827\" alt=\"\" srcset=\"https:\/\/ohnades.es\/wp-content\/uploads\/2022\/05\/nosotros0-1.jpg 619w, https:\/\/ohnades.es\/wp-content\/uploads\/2022\/05\/nosotros0-1-600x732.jpg 600w, https:\/\/ohnades.es\/wp-content\/uploads\/2022\/05\/nosotros0-1-246x300.jpg 246w\" sizes=\"(max-width: 619px) 100vw, 619px\" \/>\t\t\t\t\t\t\t\t\t\t\t\t\t\t\t<\/div>\n\t\t\t\t<\/div>\n\t\t\t\t\t<\/div>\n\t\t<\/div>\n\t\t\t\t<div class=\"elementor-column elementor-col-50 elementor-top-column elementor-element elementor-element-7633b3c1\" data-id=\"7633b3c1\" data-element_type=\"column\">\n\t\t\t<div class=\"elementor-widget-wrap elementor-element-populated\">\n\t\t\t\t\t\t<div class=\"elementor-element elementor-element-2a43a2c2 elementor-widget elementor-widget-heading\" data-id=\"2a43a2c2\" data-element_type=\"widget\" data-widget_type=\"heading.default\">\n\t\t\t\t<div class=\"elementor-widget-container\">\n\t\t\t\t\t<h1 class=\"elementor-heading-title elementor-size-default\">Oh!nades<\/h1>\t\t\t\t<\/div>\n\t\t\t\t<\/div>\n\t\t\t\t<div class=\"elementor-element elementor-element-6e43c629 elementor-invisible elementor-widget elementor-widget-heading\" data-id=\"6e43c629\" data-element_type=\"widget\" data-settings=\"{&quot;_animation&quot;:&quot;fadeInDown&quot;}\" data-widget_type=\"heading.default\">\n\t\t\t\t<div class=\"elementor-widget-container\">\n\t\t\t\t\t<h2 class=\"elementor-heading-title elementor-size-default\">M\u00e9s de 14 anys a Sant Vicen\u00e7<\/h2>\t\t\t\t<\/div>\n\t\t\t\t<\/div>\n\t\t\t\t<section class=\"elementor-section elementor-inner-section elementor-element elementor-element-7b12fa58 elementor-section-boxed elementor-section-height-default elementor-section-height-default\" data-id=\"7b12fa58\" data-element_type=\"section\">\n\t\t\t\t\t\t<div class=\"elementor-container elementor-column-gap-no\">\n\t\t\t\t\t<div class=\"elementor-column elementor-col-100 elementor-inner-column elementor-element elementor-element-29162bfb\" data-id=\"29162bfb\" data-element_type=\"column\">\n\t\t\t<div class=\"elementor-widget-wrap elementor-element-populated\">\n\t\t\t\t\t\t<div class=\"elementor-element elementor-element-736b7b95 elementor-widget__width-initial elementor-widget elementor-widget-image\" data-id=\"736b7b95\" data-element_type=\"widget\" data-widget_type=\"image.default\">\n\t\t\t\t<div class=\"elementor-widget-container\">\n\t\t\t\t\t\t\t\t\t\t\t\t\t\t\t<img decoding=\"async\" width=\"500\" height=\"660\" src=\"https:\/\/ohnades.es\/wp-content\/uploads\/2022\/05\/nosotros1.jpg\" class=\"attachment-full size-full wp-image-722\" alt=\"\" srcset=\"https:\/\/ohnades.es\/wp-content\/uploads\/2022\/05\/nosotros1.jpg 500w, https:\/\/ohnades.es\/wp-content\/uploads\/2022\/05\/nosotros1-227x300.jpg 227w\" sizes=\"(max-width: 500px) 100vw, 500px\" \/>\t\t\t\t\t\t\t\t\t\t\t\t\t\t\t<\/div>\n\t\t\t\t<\/div>\n\t\t\t\t<div class=\"elementor-element elementor-element-64b4d9a8 elementor-widget__width-initial animated-slow elementor-invisible elementor-widget elementor-widget-image\" data-id=\"64b4d9a8\" data-element_type=\"widget\" data-settings=\"{&quot;_animation&quot;:&quot;fadeInUp&quot;}\" data-widget_type=\"image.default\">\n\t\t\t\t<div class=\"elementor-widget-container\">\n\t\t\t\t\t\t\t\t\t\t\t\t\t\t\t<img decoding=\"async\" width=\"500\" height=\"660\" src=\"https:\/\/ohnades.es\/wp-content\/uploads\/2022\/05\/nosotros2.jpg\" class=\"attachment-full size-full wp-image-724\" alt=\"\" srcset=\"https:\/\/ohnades.es\/wp-content\/uploads\/2022\/05\/nosotros2.jpg 500w, https:\/\/ohnades.es\/wp-content\/uploads\/2022\/05\/nosotros2-227x300.jpg 227w\" sizes=\"(max-width: 500px) 100vw, 500px\" \/>\t\t\t\t\t\t\t\t\t\t\t\t\t\t\t<\/div>\n\t\t\t\t<\/div>\n\t\t\t\t\t<\/div>\n\t\t<\/div>\n\t\t\t\t\t<\/div>\n\t\t<\/section>\n\t\t\t\t\t<\/div>\n\t\t<\/div>\n\t\t\t\t\t<\/div>\n\t\t<\/section>\n\t\t\t\t<section class=\"elementor-section elementor-top-section elementor-element elementor-element-2a619e0f elementor-section-full_width elementor-section-height-default elementor-section-height-default\" data-id=\"2a619e0f\" data-element_type=\"section\">\n\t\t\t\t\t\t<div class=\"elementor-container elementor-column-gap-no\">\n\t\t\t\t\t<div class=\"elementor-column elementor-col-50 elementor-top-column elementor-element elementor-element-1acf9944\" data-id=\"1acf9944\" data-element_type=\"column\">\n\t\t\t<div class=\"elementor-widget-wrap elementor-element-populated\">\n\t\t\t\t\t\t<div class=\"elementor-element elementor-element-60429991 elementor-widget elementor-widget-heading\" data-id=\"60429991\" data-element_type=\"widget\" data-widget_type=\"heading.default\">\n\t\t\t\t<div class=\"elementor-widget-container\">\n\t\t\t\t\t<h2 class=\"elementor-heading-title elementor-size-default\">La nostra hist\u00f2ria<\/h2>\t\t\t\t<\/div>\n\t\t\t\t<\/div>\n\t\t\t\t<div class=\"elementor-element elementor-element-a1e198c elementor-widget elementor-widget-text-editor\" data-id=\"a1e198c\" data-element_type=\"widget\" data-widget_type=\"text-editor.default\">\n\t\t\t\t<div class=\"elementor-widget-container\">\n\t\t\t\t\t\t\t\t\tFa m\u00e9s de 14 anys que a Oh!nades treballem per a oferir-te una gastronomia i entorn que et faci gaudir de moments de felicitat amb els teus, a primera l\u00ednia de mar. Apostem sempre per un producte de qualitat, honest i un tracte que et faci sentir com a casa.\t\t\t\t\t\t\t\t<\/div>\n\t\t\t\t<\/div>\n\t\t\t\t<div class=\"elementor-element elementor-element-622353f2 elementor-invisible elementor-widget elementor-widget-icon-box\" data-id=\"622353f2\" data-element_type=\"widget\" data-settings=\"{&quot;_animation&quot;:&quot;fadeIn&quot;}\" data-widget_type=\"icon-box.default\">\n\t\t\t\t<div class=\"elementor-widget-container\">\n\t\t\t\t\t\t\t<div class=\"elementor-icon-box-wrapper\">\n\n\t\t\t\n\t\t\t\t\t\t<div class=\"elementor-icon-box-content\">\n\n\t\t\t\t\t\t\t\t\t<h2 class=\"elementor-icon-box-title\">\n\t\t\t\t\t\t<span  >\n\t\t\t\t\t\t\tLa nostra cuina\t\t\t\t\t\t<\/span>\n\t\t\t\t\t<\/h2>\n\t\t\t\t\n\t\t\t\t\t\t\t\t\t<p class=\"elementor-icon-box-description\">\n\t\t\t\t\t\tLa nostra proposta gastron\u00f2mica inclou plats de cuina tradicional i de mercat. Fem una cuina saludable i sabrosa fent servir productes frescos i de qualitat. Busquem una cuina que respecti els sabors i les propietats naturals dels aliments per a obtenir una bona experi\u00e8ncia gastron\u00f2mica.\t\t\t\t\t<\/p>\n\t\t\t\t\n\t\t\t<\/div>\n\t\t\t\n\t\t<\/div>\n\t\t\t\t\t\t<\/div>\n\t\t\t\t<\/div>\n\t\t\t\t\t<\/div>\n\t\t<\/div>\n\t\t\t\t<div class=\"elementor-column elementor-col-50 elementor-top-column elementor-element elementor-element-38a9c338\" data-id=\"38a9c338\" data-element_type=\"column\">\n\t\t\t<div class=\"elementor-widget-wrap elementor-element-populated\">\n\t\t\t\t\t\t<div class=\"elementor-element elementor-element-318581e4 elementor-widget elementor-widget-image\" data-id=\"318581e4\" data-element_type=\"widget\" data-widget_type=\"image.default\">\n\t\t\t\t<div class=\"elementor-widget-container\">\n\t\t\t\t\t\t\t\t\t\t\t\t\t\t\t<img loading=\"lazy\" decoding=\"async\" width=\"728\" height=\"538\" src=\"https:\/\/ohnades.es\/wp-content\/uploads\/2022\/05\/nosotrosg.jpg\" class=\"attachment-full size-full wp-image-749\" alt=\"\" srcset=\"https:\/\/ohnades.es\/wp-content\/uploads\/2022\/05\/nosotrosg.jpg 728w, https:\/\/ohnades.es\/wp-content\/uploads\/2022\/05\/nosotrosg-600x443.jpg 600w, https:\/\/ohnades.es\/wp-content\/uploads\/2022\/05\/nosotrosg-300x222.jpg 300w\" sizes=\"(max-width: 728px) 100vw, 728px\" \/>\t\t\t\t\t\t\t\t\t\t\t\t\t\t\t<\/div>\n\t\t\t\t<\/div>\n\t\t\t\t\t<\/div>\n\t\t<\/div>\n\t\t\t\t\t<\/div>\n\t\t<\/section>\n\t\t\t\t<\/div>\n\t\t","protected":false},"excerpt":{"rendered":"<p>Oh!nades M\u00e9s de 14 anys a Sant Vicen\u00e7 La nostra hist\u00f2ria Fa m\u00e9s de 14 anys que a Oh!nades treballem per a oferir-te una gastronomia i entorn que et faci gaudir de moments de felicitat amb els teus, a primera l\u00ednia de mar. Apostem sempre per un producte de qualitat, honest i un tracte que [&hellip;]<\/p>\n","protected":false},"author":1,"featured_media":0,"parent":0,"menu_order":0,"comment_status":"closed","ping_status":"closed","template":"","meta":{"footnotes":""},"class_list":["post-400","page","type-page","status-publish","hentry"],"_links":{"self":[{"href":"https:\/\/ohnades.es\/ca\/wp-json\/wp\/v2\/pages\/400","targetHints":{"allow":["GET"]}}],"collection":[{"href":"https:\/\/ohnades.es\/ca\/wp-json\/wp\/v2\/pages"}],"about":[{"href":"https:\/\/ohnades.es\/ca\/wp-json\/wp\/v2\/types\/page"}],"author":[{"embeddable":true,"href":"https:\/\/ohnades.es\/ca\/wp-json\/wp\/v2\/users\/1"}],"replies":[{"embeddable":true,"href":"https:\/\/ohnades.es\/ca\/wp-json\/wp\/v2\/comments?post=400"}],"version-history":[{"count":4,"href":"https:\/\/ohnades.es\/ca\/wp-json\/wp\/v2\/pages\/400\/revisions"}],"predecessor-version":[{"id":832,"href":"https:\/\/ohnades.es\/ca\/wp-json\/wp\/v2\/pages\/400\/revisions\/832"}],"wp:attachment":[{"href":"https:\/\/ohnades.es\/ca\/wp-json\/wp\/v2\/media?parent=400"}],"curies":[{"name":"wp","href":"https:\/\/api.w.org\/{rel}","templated":true}]}}